{"id":3,"date":"2022-07-20T12:34:13","date_gmt":"2022-07-20T15:34:13","guid":{"rendered":"https:\/\/cefav.cl\/?page_id=3"},"modified":"2024-04-17T17:22:05","modified_gmt":"2024-04-17T20:22:05","slug":"politica-de-privacidad","status":"publish","type":"page","link":"https:\/\/cefav.cl\/index.php\/politica-de-privacidad\/","title":{"rendered":"Pol\u00edticas de Privacidad"},"content":{"rendered":"\t\t<div data-elementor-type=\"wp-page\" data-elementor-id=\"3\" class=\"elementor elementor-3\">\n\t\t\t\t\t\t\t\t\t<section class=\"elementor-section elementor-top-section elementor-element elementor-element-3ca5abb7 elementor-section-boxed elementor-section-height-default elementor-section-height-default\" data-id=\"3ca5abb7\" data-element_type=\"section\">\n\t\t\t\t\t\t<div class=\"elementor-container elementor-column-gap-default\">\n\t\t\t\t\t<div class=\"elementor-column elementor-col-100 elementor-top-column elementor-element elementor-element-53fd9252\" data-id=\"53fd9252\" data-element_type=\"column\">\n\t\t\t<div class=\"elementor-widget-wrap elementor-element-populated\">\n\t\t\t\t\t\t\t\t<div class=\"elementor-element elementor-element-5f0fd92d elementor-widget elementor-widget-text-editor\" data-id=\"5f0fd92d\" data-element_type=\"widget\" data-widget_type=\"text-editor.default\">\n\t\t\t\t<div class=\"elementor-widget-container\">\n\t\t\t<style>\/*! elementor - v3.12.2 - 23-04-2023 *\/\n.elementor-widget-text-editor.elementor-drop-cap-view-stacked .elementor-drop-cap{background-color:#69727d;color:#fff}.elementor-widget-text-editor.elementor-drop-cap-view-framed .elementor-drop-cap{color:#69727d;border:3px solid;background-color:transparent}.elementor-widget-text-editor:not(.elementor-drop-cap-view-default) .elementor-drop-cap{margin-top:8px}.elementor-widget-text-editor:not(.elementor-drop-cap-view-default) .elementor-drop-cap-letter{width:1em;height:1em}.elementor-widget-text-editor .elementor-drop-cap{float:left;text-align:center;line-height:1;font-size:50px}.elementor-widget-text-editor .elementor-drop-cap-letter{display:inline-block}<\/style>\t\t\t\t<p><!-- wp:heading --><\/p>\n<h3>CONSENTIMIENTO INFORMADO &#8211; MODALIDAD MIXTA<\/h3>\n<p>Informamos las condiciones de inscripci\u00f3n:<\/p>\n<ul>\n<li>El curso requiere un 100% de asistencia. Le recordamos que no est\u00e1 permitido el ingreso una vez iniciado el Curso.<br>Esta indicaci\u00f3n aplica a todas las actividades presenciales, ya sean remotas (v\u00eda plataforma digital) y de presencia<br>f\u00edsica (el d\u00eda del m\u00f3dulo pr\u00e1ctico).<\/li>\n<li>En caso de no asistir al Curso, cualquiera sea el motivo y el plazo con que usted avise su inasistencia, no se realizar\u00e1<br>devoluci\u00f3n del monto cancelado por la matr\u00edcula.<\/li>\n<li>Si se ha matriculado a un curso y no asiste, cualquiera sea la causa, dispondr\u00e1 de 1 mes para inscribirse al curso<br>inmediatamente siguiente con disponibilidad de cupos, cancelando un costo de reinscripci\u00f3n dependiendo del valor de cada curso. Ser\u00e1 responsabilidad del interesado solicitar una nueva fecha, sujeta a<br>disponibilidad de cupos.<\/li>\n<li>En caso de reprobar alguna evaluaci\u00f3n pr\u00e1ctica o el curso completo, podr\u00e1 repetir el curso completo para acceder<br>a la certificaci\u00f3n AHA cancelando un costo de reinscripci\u00f3n de $150.000 (ciento cincuenta mil pesos). Dispondr\u00e1 de<br>1 (un) mes (a partir de la fecha del curso al cual estaba inscrito) para regularizar su situaci\u00f3n e inscribirse al curso<br>inmediatamente siguiente con disponibilidad de cupos. Ser\u00e1 responsabilidad del interesado solicitar una nueva<br>fecha.<\/li>\n<li>Los resultados del Pretest (obligatorio), as\u00ed como el de la prueba final, obtenidos en la plataforma de la AHA deber\u00e1n<br>ser subidos a la plataforma CEFAV de acuerdo a las indicaciones entregadas. No se recibir\u00e1n documentos por otra<br>v\u00eda que la indicada y en los plazos indicados.<\/li>\n<li>En ning\u00fan caso podr\u00e1 postergar su inscripci\u00f3n para el siguiente a\u00f1o acad\u00e9mico (A\u00f1o Acad\u00e9mico 2024: marzo 2024<br>a enero 2025).<\/li>\n<li>En el caso de estar inscrito en un curso cerrado a impartirse fuera de Santiago, cualquier cambio de fecha o re-<br>inscripci\u00f3n se realizar\u00e1 a un curso que se dicte en nuestra sede en Santiago.<\/li>\n<li>En el caso de no alcanzar el qu\u00f3rum m\u00ednimo requerido para impartir un curso (6 participantes), CEFAV se reserva<br>el derecho de suspender el curso y cambiar la fecha del mismo.<\/li>\n<li>Por encontrarnos en situaci\u00f3n especial debido a la pandemia de Covid-19, CEFAV ha realizado cambios en la<br>estructura de los cursos siguiendo las recomendaciones de la American Heart Association, a fin de restringir a lo<br>m\u00ednimo necesario la interacci\u00f3n presencial. Igualmente, hemos implementado protocolos para disminuir el riesgo<br>de contagio de Covid-19 basados en la mejor evidencia que existe a la fecha; sin embargo, ninguna de estas medidas<br>es capaz de reducir a cero el riesgo de contagio. Por lo anterior, es importante su compromiso a seguir todas las<br>indicaciones realizadas por su instructor durante el curso presencial. El uso de mascarilla KN95 (no quir\u00fargica ni<br>de tela) es obligatorio! Para asistir al m\u00f3dulo presencial deber\u00e1 presentar el pase de Movilidad vigente.<\/li>\n<li>Si usted tiene un examen PCR positivo, o se encuentra en espera de resultados de este examen, NO PODR\u00c1<br>ASISTIR AL CURSO. Obviamente, lo mismo aplica si usted est\u00e1 sintom\u00e1tico de COVID-19 y en cuarentena, o<br>cuarentena preventiva. Le solicitamos encarecidamente informarnos y aplazar su asistencia al Curso.<\/li>\n<\/ul>\n<p><!-- \/wp:paragraph --><\/p>\t\t\t\t\t\t<\/div>\n\t\t\t\t<\/div>\n\t\t\t\t\t<\/div>\n\t\t<\/div>\n\t\t\t\t\t\t\t<\/div>\n\t\t<\/section>\n\t\t\t\t\t\t\t<\/div>\n\t\t","protected":false},"excerpt":{"rendered":"<p>CONSENTIMIENTO INFORMADO &#8211; MODALIDAD MIXTA Informamos las condiciones de inscripci\u00f3n: El curso requiere un 100% de asistencia. Le recordamos que&#8230;<\/p>\n","protected":false},"author":1,"featured_media":0,"parent":0,"menu_order":0,"comment_status":"closed","ping_status":"closed","template":"","meta":{"_acf_changed":false,"footnotes":""},"class_list":["post-3","page","type-page","status-publish","hentry"],"acf":[],"_links":{"self":[{"href":"https:\/\/cefav.cl\/index.php\/wp-json\/wp\/v2\/pages\/3","targetHints":{"allow":["GET"]}}],"collection":[{"href":"https:\/\/cefav.cl\/index.php\/wp-json\/wp\/v2\/pages"}],"about":[{"href":"https:\/\/cefav.cl\/index.php\/wp-json\/wp\/v2\/types\/page"}],"author":[{"embeddable":true,"href":"https:\/\/cefav.cl\/index.php\/wp-json\/wp\/v2\/users\/1"}],"replies":[{"embeddable":true,"href":"https:\/\/cefav.cl\/index.php\/wp-json\/wp\/v2\/comments?post=3"}],"version-history":[{"count":7,"href":"https:\/\/cefav.cl\/index.php\/wp-json\/wp\/v2\/pages\/3\/revisions"}],"predecessor-version":[{"id":15869,"href":"https:\/\/cefav.cl\/index.php\/wp-json\/wp\/v2\/pages\/3\/revisions\/15869"}],"wp:attachment":[{"href":"https:\/\/cefav.cl\/index.php\/wp-json\/wp\/v2\/media?parent=3"}],"curies":[{"name":"wp","href":"https:\/\/api.w.org\/{rel}","templated":true}]}}