{"id":13144,"date":"2022-09-20T09:14:01","date_gmt":"2022-09-20T12:14:01","guid":{"rendered":"https:\/\/cefav.cl\/index.php\/producto\/respuesta-a-desastres-con-victimas-masivas\/"},"modified":"2026-02-06T18:49:13","modified_gmt":"2026-02-06T21:49:13","slug":"respuesta-a-desastres-con-victimas-masivas","status":"publish","type":"product","link":"https:\/\/cefav.cl\/index.php\/producto\/respuesta-a-desastres-con-victimas-masivas\/","title":{"rendered":"AHDR \u00b7 Respuesta a Desastres con V\u00edctimas Masivas"},"content":{"rendered":"<h3>Curso AHDR<\/h3>\n<h4>Descripci\u00f3n del Programa<\/h4>\n<p>El Curso \u201cRespuesta a Desastres con V\u00edctimas Masivas\u201d (All Hazards Disaster Response \u2013 AHDR) es un curso de la National Association of Emergency Medical Technicians (NAEMT) que ense\u00f1a c\u00f3mo enfrentar los diferentes tipos de desastres a los que podemos vernos enfrentados, incluidos los desastres naturales y terremotos, fallas de infraestructura, incendios y eventos radiol\u00f3gicos, pandemias, incidentes de disparos activos, y otros eventos con v\u00edctimas masivas, actuando con enfoque de equipo y sistemas de preparaci\u00f3n.<br \/>\nAl finalizar el curso, el participante ser\u00e1 capaz de:<\/p>\n<p>Analizar las amenazas potenciales en su \u00e1rea<br \/>\nEvaluar los recursos disponibles<br \/>\nCrear un plan de respuesta que salvar\u00e1 vidas.<br \/>\nTodos los instructores de este Curso son acreditados por la Asociaci\u00f3n Nacional de T\u00e9cnicos en Emergencias M\u00e9dicas (National Association of Emergency Medical Technicians \u2013 NAEMT).<\/p>\n<h4>Curso Presencial:<\/h4>\n<ul class=\"review-list\">\n<li class=\"elementor-icon-list-item\">M\u00f3dulo de auto-aprendizaje: Manual AHDR + Plataforma CEFAV<\/li>\n<li class=\"elementor-icon-list-item\">M\u00f3dulo Presencial: 2 d\u00eda de 8:45 a 18:00 horas aproximadamente.<\/li>\n<\/ul>\n<h4>A qui\u00e9n va dirigido:<\/h4>\n<ul class=\"review-list\">\n<li class=\"elementor-icon-list-item\">El programa est\u00e1 dirigido a profesionales de la salud, de auxilio y brigadas de rescate.<\/li>\n<\/ul>\n<h4>Perfil de Egreso:<\/h4>\n<ul class=\"requirement-list\">\n<li>Aprenderas a liderar y organizar al equipo que se ve enfrentado a un desastre o catastrofes.<br \/>\nAcreditado y certificado para trabajar en cualquier servicio de urgencia con acreditaci\u00f3n internacional.<\/li>\n<\/ul>\n<h4>Objetivos:<\/h4>\n<ul class=\"requirement-list\">\n<li>Ense\u00f1ar como enfrentar los diferentes tipos de desastres a los que podemos vernos enfrentados ,naturales, fallas de infraestructuras incendios, eventos radiol\u00f3gicos, pandemias incidentes con armas etc. Ense\u00f1a a analizar las amenazas potenciales de su \u00e1rea, evaluar os recursos diponibles y crear un plan de respuesta que salvara vida.<\/li>\n<\/ul>\n<h4>Campo Ocupacional:<\/h4>\n<ul class=\"requirement-list\">\n<li>\u00c1mbito p\u00fablico y privado. Urgencias \u00b7 Uti \u00b7 Uci \u00b7 Pabell\u00f3n \u00b7 Intermedio \u00b7 Unidades Coronarias \/ Nacional e internacional<\/li>\n<\/ul>\n<h4>Acreditaci\u00f3n:<\/h4>\n<ul class=\"requirement-list\">\n<li>Tras aprobar las evaluaciones te\u00f3rica y pr\u00e1ctica.<\/li>\n<li>Curso certificado NAEMT<\/li>\n<li>Curso certificado por CEFAV<\/li>\n<\/ul>\n<h4>Carga Horaria:<\/h4>\n<ul class=\"requirement-list\">\n<li>El Curso de AHDR tiene una carga acad\u00e9mica total de 48 horas cronol\u00f3gicas:<br \/>\n\u2013 36 horas de estudio individual<br \/>\n\u2013 12 horas presenciales, en dos jornadas consecutivas.<\/li>\n<li><strong>M\u00d3DULO DE AUTOAPRENDIZAJE:<\/strong>\u2013 Manual AHDR en formato digital<br \/>\n\u2013 Acceso a Plataforma CEFAV<\/li>\n<li><strong>M\u00d3DULOS PRESENCIALES:<br \/>\n<\/strong>\u2013 Dos m\u00f3dulos de 6 \u2013 7 horas cada uno, en dos d\u00edas consecutivos<\/li>\n<\/ul>\n","protected":false},"excerpt":{"rendered":"<p>Curso AHDR Descripci\u00f3n del Programa El Curso \u201cRespuesta a Desastres con V\u00edctimas Masivas\u201d (All Hazards Disaster Response \u2013 AHDR) es&#8230;<\/p>\n","protected":false},"featured_media":13094,"template":"","meta":{"_acf_changed":false},"product_brand":[],"product_cat":[15],"product_tag":[],"class_list":{"0":"post-13144","1":"product","2":"type-product","3":"status-publish","4":"has-post-thumbnail","6":"product_cat-sin-categoria","8":"first","9":"outofstock","10":"sold-individually","11":"shipping-taxable","12":"product-type-variable"},"acf":[],"_links":{"self":[{"href":"https:\/\/cefav.cl\/index.php\/wp-json\/wp\/v2\/product\/13144","targetHints":{"allow":["GET"]}}],"collection":[{"href":"https:\/\/cefav.cl\/index.php\/wp-json\/wp\/v2\/product"}],"about":[{"href":"https:\/\/cefav.cl\/index.php\/wp-json\/wp\/v2\/types\/product"}],"wp:featuredmedia":[{"embeddable":true,"href":"https:\/\/cefav.cl\/index.php\/wp-json\/wp\/v2\/media\/13094"}],"wp:attachment":[{"href":"https:\/\/cefav.cl\/index.php\/wp-json\/wp\/v2\/media?parent=13144"}],"wp:term":[{"taxonomy":"product_brand","embeddable":true,"href":"https:\/\/cefav.cl\/index.php\/wp-json\/wp\/v2\/product_brand?post=13144"},{"taxonomy":"product_cat","embeddable":true,"href":"https:\/\/cefav.cl\/index.php\/wp-json\/wp\/v2\/product_cat?post=13144"},{"taxonomy":"product_tag","embeddable":true,"href":"https:\/\/cefav.cl\/index.php\/wp-json\/wp\/v2\/product_tag?post=13144"}],"curies":[{"name":"wp","href":"https:\/\/api.w.org\/{rel}","templated":true}]}}