{"id":13200,"date":"2020-09-16T06:45:56","date_gmt":"2020-09-16T09:45:56","guid":{"rendered":"https:\/\/cefav.cl\/index.php\/producto\/geriatria-en-la-urgencia\/"},"modified":"2025-12-02T12:34:44","modified_gmt":"2025-12-02T15:34:44","slug":"geriatria-en-la-urgencia","status":"publish","type":"product","link":"https:\/\/cefav.cl\/index.php\/producto\/geriatria-en-la-urgencia\/","title":{"rendered":"GEMS \u00b7 Geriatr\u00eda en la Urgencia"},"content":{"rendered":"<h3>Curso GEMS<\/h3>\n<h4>Descripci\u00f3n del Programa<\/h4>\n<p>El Curso \u201cGeriatr\u00eda en la urgencia\u201d (Geriatric Education for Emergency Medical Services \u2013 GEMS) es un curso de la National Association of Emergency Medical Technicians (NAEMT) que ense\u00f1a las habilidades y los conocimientos para enfrentar los desaf\u00edos m\u00e9dicos, sociales, ambientales y comunicacionales de los adultos mayores.<\/p>\n<p>Este programa se desarroll\u00f3 en colaboraci\u00f3n con la Sociedad Americana de Geriatr\u00eda y est\u00e1 basado en conferencias basadas en casos, videos de acci\u00f3n en vivo y discusi\u00f3n de casos, entre otros.<\/p>\n<p>Este curso ayuda a entender al paciente de edad avanzada y comprender sus problemas m\u00e1s comunes a nivel extrahospitalario, as\u00ed como corregir aquellas situaciones que ponen su vida en riesgo vital.<\/p>\n<h4>Curso Presencial Consecutivo:<\/h4>\n<ul class=\"review-list\">\n<li class=\"elementor-icon-list-item\"><span class=\"elementor-icon-list-text\">Portal de Aprendizaje<\/span><i class=\"fas fa-check-circle\" aria-hidden=\"true\"><\/i><\/li>\n<li class=\"elementor-icon-list-item\"><span class=\"elementor-icon-list-text\">Clases presenciales\u00a0<\/span><\/li>\n<\/ul>\n<h4>A qui\u00e9n va dirigido:<\/h4>\n<ul class=\"review-list\">\n<li class=\"elementor-icon-list-item\">El programa est\u00e1 dirigido a profesionales y estudiantes que se desempe\u00f1an en el \u00e1rea de salud, tanto p\u00fablico o privado. Intra y extra hospitalaria.<\/li>\n<\/ul>\n<h4>Perfil de Egreso:<\/h4>\n<ul class=\"requirement-list\">\n<li>Aprender\u00e1s la evaluaci\u00f3n sistem\u00e1tica en el adulto mayor, sus patolog\u00edas m\u00e9dicas y de su entorno<\/li>\n<li>Acreditado y certificado para trabajar en cualquier servicio de urgencia con acreditaci\u00f3n internacional.<\/li>\n<\/ul>\n<h4>Objetivos:<\/h4>\n<ul class=\"requirement-list\">\n<li>Ense\u00f1ar las habilidades y conocimientos para enfrentar los desafios m\u00e9dicos, sociales, ambientales y comunicacionales del adulto mayor cr\u00edtico.<\/li>\n<\/ul>\n<h4>Campo Ocupacional:<\/h4>\n<ul class=\"requirement-list\">\n<li>\u00c1mbito p\u00fablico y privado. Urgencias \u00b7 Uti \u00b7 Uci \u00b7 Pabell\u00f3n \u00b7 Intermedio \u00b7 Unidades Coronarias \/ Nacional e internacional<\/li>\n<\/ul>\n<h4>Acreditaci\u00f3n:<\/h4>\n<ul class=\"requirement-list\">\n<li>Tras aprobar las evaluaciones te\u00f3rica y pr\u00e1ctica.<\/li>\n<li>Curso certificado por la NAEMT<\/li>\n<li>Curso certificado por CEFAV<\/li>\n<\/ul>\n<h4>Carga Horaria:<\/h4>\n<ul class=\"requirement-list\">\n<li>El Curso de GEMS tiene una carga acad\u00e9mica total de 60 horas cronol\u00f3gicas:\u2013 48 horas de estudio individual<\/li>\n<li><b>A. M\u00d3DULO DE AUTOAPRENDIZAJE:<br \/>\n<\/b>\u2013 Manual GEMS en formato digital<br \/>\n\u2013 Acceso a Plataforma CEFAV<\/li>\n<li><strong>B. M\u00d3DULO PRESENCIAL<\/strong>:<br \/>\n\u2013 Dos m\u00f3dulos de 6 a 7 horas cada uno, en dos d\u00edas consecutivos.<\/li>\n<\/ul>\n","protected":false},"excerpt":{"rendered":"<p>Curso GEMS Descripci\u00f3n del Programa El Curso \u201cGeriatr\u00eda en la urgencia\u201d (Geriatric Education for Emergency Medical Services \u2013 GEMS) es&#8230;<\/p>\n","protected":false},"featured_media":12677,"template":"","meta":{"_acf_changed":false},"product_brand":[],"product_cat":[15],"product_tag":[],"class_list":{"0":"post-13200","1":"product","2":"type-product","3":"status-publish","4":"has-post-thumbnail","6":"product_cat-sin-categoria","8":"first","9":"outofstock","10":"sold-individually","11":"shipping-taxable","12":"product-type-variable"},"acf":[],"_links":{"self":[{"href":"https:\/\/cefav.cl\/index.php\/wp-json\/wp\/v2\/product\/13200","targetHints":{"allow":["GET"]}}],"collection":[{"href":"https:\/\/cefav.cl\/index.php\/wp-json\/wp\/v2\/product"}],"about":[{"href":"https:\/\/cefav.cl\/index.php\/wp-json\/wp\/v2\/types\/product"}],"wp:featuredmedia":[{"embeddable":true,"href":"https:\/\/cefav.cl\/index.php\/wp-json\/wp\/v2\/media\/12677"}],"wp:attachment":[{"href":"https:\/\/cefav.cl\/index.php\/wp-json\/wp\/v2\/media?parent=13200"}],"wp:term":[{"taxonomy":"product_brand","embeddable":true,"href":"https:\/\/cefav.cl\/index.php\/wp-json\/wp\/v2\/product_brand?post=13200"},{"taxonomy":"product_cat","embeddable":true,"href":"https:\/\/cefav.cl\/index.php\/wp-json\/wp\/v2\/product_cat?post=13200"},{"taxonomy":"product_tag","embeddable":true,"href":"https:\/\/cefav.cl\/index.php\/wp-json\/wp\/v2\/product_tag?post=13200"}],"curies":[{"name":"wp","href":"https:\/\/api.w.org\/{rel}","templated":true}]}}