{"id":13202,"date":"2020-11-01T06:27:06","date_gmt":"2020-11-01T09:27:06","guid":{"rendered":"https:\/\/cefav.cl\/index.php\/producto\/programa-de-reanimacion-neonatal\/"},"modified":"2026-05-11T10:18:41","modified_gmt":"2026-05-11T13:18:41","slug":"programa-de-reanimacion-neonatal","status":"publish","type":"product","link":"https:\/\/cefav.cl\/index.php\/producto\/programa-de-reanimacion-neonatal\/","title":{"rendered":"PRN \u00b7 Programa de Reanimaci\u00f3n Neonatal"},"content":{"rendered":"<p><strong>Curso PRN<\/strong><\/p>\n<p><strong>Descripci\u00f3n del Programa<\/strong><br \/>\nEl Curso PRN (Programa de Reanimaci\u00f3n Neonatal) ense\u00f1a un enfoque basado en la evidencia para la atenci\u00f3n del reci\u00e9n nacido, y facilita la atenci\u00f3n efectiva del equipo de salud al enfrentar una reanimaci\u00f3n neonatal.<\/p>\n<p>El PRN se centra en un aprendizaje combinado (pruebas en l\u00ednea, simulaciones en l\u00ednea y trabajo pr\u00e1ctico) que incluye liderazgo cr\u00edtico, comunicaci\u00f3n efectiva y habilidades de trabajo en equipo.<\/p>\n<p><strong>Curso Semipresencial:<\/strong><\/p>\n<p>Portal de Aprendizaje<br \/>\nM\u00f3dulo online sincr\u00f3nico<br \/>\nM\u00f3dulo presencial<\/p>\n<p><strong>A qui\u00e9n va dirigido:<\/strong><\/p>\n<p>El programa est\u00e1 dirigido a profesionales y estudiantes que se desempe\u00f1an en el \u00e1rea de salud, tanto p\u00fablico o privado. Intra y extra hospitalaria.<\/p>\n<p><strong>Perfil de Egreso:<\/strong><\/p>\n<ul>\n<li>Aprender\u00e1s a liderar al equipo y realizar la evaluaci\u00f3n en caso de paro cardiorrespiratorio neonatal.<\/li>\n<li>Adquirir\u00e1s las competencias para atender y responder frente a un paro cardiorespiratorio.<\/li>\n<li>Certificado para trabajar en cualquier servicio de urgencia con certificaci\u00f3n CEFAV y acreditaci\u00f3n\u00a0 AHA-AAP. American Academy of Pediatrics (AAP) y American Heart Association (AHA).<\/li>\n<\/ul>\n<p><strong>Campo Ocupacional:<\/strong><\/p>\n<ul>\n<li>\u00c1mbito p\u00fablico y privado. Urgencias \u00b7 Uti \u00b7 Uci \u00b7 Pabell\u00f3n \u00b7 Intermedio \u00b7 Unidades Coronarias \/ Nacional e internacional<\/li>\n<\/ul>\n<p><strong>Objetivos:<\/strong><\/p>\n<ul>\n<li>Reconocer y aplicar los principios de la reanimacion neonatal, conocer y aplicar los principios \u00e9ticos que aplican en la reanimaci\u00f3n neonatal, conocer y aplicar las conductas e interacciones correctamente para alcanzar un buen trabajo de equipo<\/li>\n<\/ul>\n<p><strong>Acreditaci\u00f3n:<\/strong><\/p>\n<p>Tras aprobar las evaluaciones te\u00f3rica y pr\u00e1ctica, el participante recibe:<\/p>\n<ul>\n<li>Acreditaci\u00f3n AAP-AHA<\/li>\n<li>Certificado CEFAV<\/li>\n<\/ul>\n<p><strong>Carga Acad\u00e9mica<\/strong><\/p>\n<ul>\n<li>40 hrs cronol\u00f3gicas<\/li>\n<\/ul>\n","protected":false},"excerpt":{"rendered":"<p>Curso PRN Descripci\u00f3n del Programa El Curso PRN (Programa de Reanimaci\u00f3n Neonatal) ense\u00f1a un enfoque basado en la evidencia para&#8230;<\/p>\n","protected":false},"featured_media":12650,"template":"","meta":{"_acf_changed":false},"product_brand":[],"product_cat":[15],"product_tag":[],"class_list":{"0":"post-13202","1":"product","2":"type-product","3":"status-publish","4":"has-post-thumbnail","6":"product_cat-sin-categoria","8":"first","9":"instock","10":"sold-individually","11":"shipping-taxable","12":"purchasable","13":"product-type-variable"},"acf":[],"_links":{"self":[{"href":"https:\/\/cefav.cl\/index.php\/wp-json\/wp\/v2\/product\/13202","targetHints":{"allow":["GET"]}}],"collection":[{"href":"https:\/\/cefav.cl\/index.php\/wp-json\/wp\/v2\/product"}],"about":[{"href":"https:\/\/cefav.cl\/index.php\/wp-json\/wp\/v2\/types\/product"}],"wp:featuredmedia":[{"embeddable":true,"href":"https:\/\/cefav.cl\/index.php\/wp-json\/wp\/v2\/media\/12650"}],"wp:attachment":[{"href":"https:\/\/cefav.cl\/index.php\/wp-json\/wp\/v2\/media?parent=13202"}],"wp:term":[{"taxonomy":"product_brand","embeddable":true,"href":"https:\/\/cefav.cl\/index.php\/wp-json\/wp\/v2\/product_brand?post=13202"},{"taxonomy":"product_cat","embeddable":true,"href":"https:\/\/cefav.cl\/index.php\/wp-json\/wp\/v2\/product_cat?post=13202"},{"taxonomy":"product_tag","embeddable":true,"href":"https:\/\/cefav.cl\/index.php\/wp-json\/wp\/v2\/product_tag?post=13202"}],"curies":[{"name":"wp","href":"https:\/\/api.w.org\/{rel}","templated":true}]}}