{"id":13235,"date":"2020-11-01T06:36:18","date_gmt":"2020-11-01T09:36:18","guid":{"rendered":"https:\/\/cefav.cl\/index.php\/producto\/apoyo-vital-cardiopulmonar-avanzado-2\/"},"modified":"2026-04-22T01:46:31","modified_gmt":"2026-04-22T04:46:31","slug":"apoyo-vital-cardiopulmonar-avanzado-2","status":"publish","type":"product","link":"https:\/\/cefav.cl\/index.php\/producto\/apoyo-vital-cardiopulmonar-avanzado-2\/","title":{"rendered":"ACLS + eBook \u00b7 Apoyo Vital Cardiopulmonar Avanzado"},"content":{"rendered":"<h3>Curso ACLS<\/h3>\n<h4>Descripci\u00f3n del Programa<\/h4>\n<p>Ense\u00f1a los conocimientos y las destrezas necesarios para identificar y tratar los 10 casos b\u00e1sicos de ACLS: emergencia respiratoria, 4 tipos de paro card\u00edaco (FV simple\/TV; FV compleja\/TV; actividad el\u00e9ctrica sin pulso y asistolia), 4 tipos de emergencias que preceden al paro (bradicardia, taquicardia estable, taquicardia inestable y s\u00edndromes coronarios agudos), y el accidente cerebrovascular.<\/p>\n<h4>Curso Semi-Presencial:<\/h4>\n<ul class=\"review-list\">\n<li class=\"elementor-icon-list-item\"><span class=\"elementor-icon-list-text\">Portal de Aprendizaje<\/span><\/li>\n<li class=\"elementor-icon-list-item\"><span class=\"elementor-icon-list-text\">M\u00f3dulo online sincr\u00f3nico<\/span><\/li>\n<li class=\"elementor-icon-list-item\"><span class=\"elementor-icon-list-text\">M\u00f3dulo presencial<\/span><\/li>\n<\/ul>\n<h4>A qui\u00e9n va dirigido:<\/h4>\n<ul class=\"review-list\">\n<li class=\"elementor-icon-list-item\">El programa est\u00e1 dirigido a profesionales y estudiantes que se desempe\u00f1an en el \u00e1rea de salud, tanto p\u00fablico o privado. Intra y extra hospitalaria .<\/li>\n<\/ul>\n<h4>Perfil de Egreso:<\/h4>\n<ul class=\"requirement-list\">\n<li>Al t\u00e9rmino del curso ACLS los participantes ser\u00e1n capaces de liderar al equipo y realizar la evaluaci\u00f3n en caso de\u00a0paro cardiorrespiratorio (PCR)<\/li>\n<li>Adquirir\u00e1s las competencias para atender y responder frente a un colapso s\u00fabito.<\/li>\n<li>Acreditaci\u00f3n y certificaci\u00f3n para trabajar en cualquier servicio de urgencia con acreditaci\u00f3n internacional.<\/li>\n<\/ul>\n<h4>Campo Ocupacional:<\/h4>\n<ul class=\"requirement-list\">\n<li>\u00c1mbito p\u00fablico y privado. Urgencias \u00b7 Uti \u00b7 Uci \u00b7 Pabell\u00f3n \u00b7 Intermedio \u00b7 Unidades Coronarias \/ Nacional e internacional<\/li>\n<\/ul>\n<h4>Acreditaci\u00f3n:<\/h4>\n<ul class=\"requirement-list\">\n<li>Tras aprobar las evaluaciones te\u00f3rica y pr\u00e1ctica.<\/li>\n<li>Certificado y Acreditaci\u00f3n AHA ACLS<\/li>\n<li>Certificado CEFAV<\/li>\n<\/ul>\n<h4>Carga Horaria:<\/h4>\n<ul class=\"requirement-list\">\n<li>El Curso de ACLS tiene una carga acad\u00e9mica total de 64 horas cronol\u00f3gicas:<\/li>\n<li>53 horas de estudio individual (aprox.)<\/li>\n<li>M\u00f3dulo de Aprendizaje guiado (V\u00eda plataforma digital): aproximadamente en 3 horas de duraci\u00f3n<\/li>\n<li>M\u00f3dulo Presencial : 1 d\u00eda de 8:45 a 17:30 horas aproximadamente.<\/li>\n<\/ul>\n","protected":false},"excerpt":{"rendered":"<p>Curso ACLS Descripci\u00f3n del Programa Ense\u00f1a los conocimientos y las destrezas necesarios para identificar y tratar los 10 casos b\u00e1sicos&#8230;<\/p>\n","protected":false},"featured_media":12665,"template":"","meta":{"_acf_changed":false},"product_brand":[],"product_cat":[15],"product_tag":[],"class_list":{"0":"post-13235","1":"product","2":"type-product","3":"status-publish","4":"has-post-thumbnail","6":"product_cat-sin-categoria","8":"first","9":"instock","10":"sold-individually","11":"shipping-taxable","12":"product-type-variable"},"acf":[],"_links":{"self":[{"href":"https:\/\/cefav.cl\/index.php\/wp-json\/wp\/v2\/product\/13235","targetHints":{"allow":["GET"]}}],"collection":[{"href":"https:\/\/cefav.cl\/index.php\/wp-json\/wp\/v2\/product"}],"about":[{"href":"https:\/\/cefav.cl\/index.php\/wp-json\/wp\/v2\/types\/product"}],"wp:featuredmedia":[{"embeddable":true,"href":"https:\/\/cefav.cl\/index.php\/wp-json\/wp\/v2\/media\/12665"}],"wp:attachment":[{"href":"https:\/\/cefav.cl\/index.php\/wp-json\/wp\/v2\/media?parent=13235"}],"wp:term":[{"taxonomy":"product_brand","embeddable":true,"href":"https:\/\/cefav.cl\/index.php\/wp-json\/wp\/v2\/product_brand?post=13235"},{"taxonomy":"product_cat","embeddable":true,"href":"https:\/\/cefav.cl\/index.php\/wp-json\/wp\/v2\/product_cat?post=13235"},{"taxonomy":"product_tag","embeddable":true,"href":"https:\/\/cefav.cl\/index.php\/wp-json\/wp\/v2\/product_tag?post=13235"}],"curies":[{"name":"wp","href":"https:\/\/api.w.org\/{rel}","templated":true}]}}