{"id":13377,"date":"2020-09-16T07:07:22","date_gmt":"2020-09-16T10:07:22","guid":{"rendered":"https:\/\/cefav.cl\/index.php\/producto\/apoyo-vital-basico\/"},"modified":"2026-04-17T18:33:19","modified_gmt":"2026-04-17T21:33:19","slug":"apoyo-vital-basico","status":"publish","type":"product","link":"https:\/\/cefav.cl\/index.php\/producto\/apoyo-vital-basico\/","title":{"rendered":"BLS \u00b7 Apoyo Vital B\u00e1sico"},"content":{"rendered":"<p><strong>Curso BLS<\/strong><\/p>\n<p><strong>Descripci\u00f3n del Programa<\/strong><\/p>\n<ul>\n<li>Ense\u00f1a la cadena de supervivencia, las maniobras de RCP (con 1 y 2 reanimadores), el manejo de la obstrucci\u00f3n de la v\u00eda a\u00e9rea por cuerpo extra\u00f1o (OVACE), y el manejo del Desfibrilador Externo Autom\u00e1tico (DEA).<\/li>\n<li>El curso entrega informaci\u00f3n sobre los factores de riesgo de la enfermedad card\u00edaca y del accidente cerebrovascular.cerebrovascular.<\/li>\n<\/ul>\n<p><strong>Curso Presencial:<\/strong><\/p>\n<p>M\u00d3DULO DE AUTOAPRENDIZAJE:<\/p>\n<ul>\n<li>Manual BLS en formato digital<\/li>\n<li>Acceso a Plataforma CEFAV<\/li>\n<\/ul>\n<p>M\u00d3DULO PRESENCIAL:<\/p>\n<ul>\n<li>08:45 \u2013 14:00<\/li>\n<\/ul>\n<p><strong>A qui\u00e9n va dirigido:<\/strong><\/p>\n<p>El programa est\u00e1 dirigido a profesionales y estudiantes que se desempe\u00f1an en el \u00e1rea de salud, tanto p\u00fablico o privado. Intra y extra hospitalaria .<\/p>\n<p><strong>Perfil de Egreso:<\/strong><\/p>\n<ul>\n<li>Adquirir\u00e1s las competencias para atender y responder frente a un colapso s\u00fabito.<\/li>\n<li>Acreditaci\u00f3n y certificaci\u00f3n para trabajar en cualquier servicio de urgencia con acreditaci\u00f3n internacional.<\/li>\n<\/ul>\n<p><strong>Campo Ocupacional:<\/strong><\/p>\n<ul>\n<li>\u00c1mbito p\u00fablico y privado. Urgencias \u00b7 Uti \u00b7 Uci \u00b7 Pabell\u00f3n \u00b7 Intermedio \u00b7 Unidades Coronarias \/ Nacional e internacional<\/li>\n<\/ul>\n<p><strong>Acreditaci\u00f3n:<\/strong><\/p>\n<p>Tras aprobar las evaluaciones te\u00f3rica y pr\u00e1ctica, el participante recibe:<\/p>\n<ul>\n<li>Certificado y Acreditaci\u00f3n AHA ACLS<\/li>\n<li>Certificado CEFAV<\/li>\n<\/ul>\n<p><strong>Carga Acad\u00e9mica<\/strong><\/p>\n<ul>\n<li>31 hrs cronologicas<\/li>\n<\/ul>\n","protected":false},"excerpt":{"rendered":"<p>Curso BLS Descripci\u00f3n del Programa Ense\u00f1a la cadena de supervivencia, las maniobras de RCP (con 1 y 2 reanimadores), el&#8230;<\/p>\n","protected":false},"featured_media":12670,"template":"","meta":{"_acf_changed":false},"product_brand":[],"product_cat":[15],"product_tag":[],"class_list":{"0":"post-13377","1":"product","2":"type-product","3":"status-publish","4":"has-post-thumbnail","6":"product_cat-sin-categoria","8":"first","9":"instock","10":"sold-individually","11":"shipping-taxable","12":"purchasable","13":"product-type-variable"},"acf":[],"_links":{"self":[{"href":"https:\/\/cefav.cl\/index.php\/wp-json\/wp\/v2\/product\/13377","targetHints":{"allow":["GET"]}}],"collection":[{"href":"https:\/\/cefav.cl\/index.php\/wp-json\/wp\/v2\/product"}],"about":[{"href":"https:\/\/cefav.cl\/index.php\/wp-json\/wp\/v2\/types\/product"}],"wp:featuredmedia":[{"embeddable":true,"href":"https:\/\/cefav.cl\/index.php\/wp-json\/wp\/v2\/media\/12670"}],"wp:attachment":[{"href":"https:\/\/cefav.cl\/index.php\/wp-json\/wp\/v2\/media?parent=13377"}],"wp:term":[{"taxonomy":"product_brand","embeddable":true,"href":"https:\/\/cefav.cl\/index.php\/wp-json\/wp\/v2\/product_brand?post=13377"},{"taxonomy":"product_cat","embeddable":true,"href":"https:\/\/cefav.cl\/index.php\/wp-json\/wp\/v2\/product_cat?post=13377"},{"taxonomy":"product_tag","embeddable":true,"href":"https:\/\/cefav.cl\/index.php\/wp-json\/wp\/v2\/product_tag?post=13377"}],"curies":[{"name":"wp","href":"https:\/\/api.w.org\/{rel}","templated":true}]}}