{"id":13726,"date":"2020-09-16T05:37:16","date_gmt":"2020-09-16T08:37:16","guid":{"rendered":"https:\/\/cefav.cl\/index.php\/producto\/manejo-avanzado-y-rescate-de-la-via-aerea-2\/"},"modified":"2026-04-12T20:09:10","modified_gmt":"2026-04-12T23:09:10","slug":"manejo-avanzado-y-rescate-de-la-via-aerea-2","status":"publish","type":"product","link":"https:\/\/cefav.cl\/index.php\/producto\/manejo-avanzado-y-rescate-de-la-via-aerea-2\/","title":{"rendered":"MARVA \u00b7 Manejo Avanzado y Rescate de la V\u00eda A\u00e9rea"},"content":{"rendered":"<h3>Curso MARVA<\/h3>\n<h4>Descripci\u00f3n del Programa<\/h4>\n<p>El manejo de la v\u00eda a\u00e9rea (VA) es una de las habilidades que todo m\u00e9dico y personal que trabaja en las instituciones de salud debe dominar, especialmente en estos tiempos de pandemia por Covid-19. Esto incluye conocer desde los conceptos anat\u00f3micos y fisiol\u00f3gicos b\u00e1sicos hasta la realizaci\u00f3n de las t\u00e9cnicas m\u00e1s avanzadas existentes para lograr una adecuada oxigenaci\u00f3n de un paciente que requiere asistencia ventilatoria.<\/p>\n<p>En el Curso MARVA se tratan todas estas tem\u00e1ticas, destinadas al rescate de un paciente que no puede ventilar adecuadamente en forma aut\u00f3noma.<\/p>\n<h4>Curso Presencial:<\/h4>\n<ul class=\"review-list\">\n<li class=\"elementor-icon-list-item\"><span class=\"elementor-icon-list-text\">Portal de Aprendizaje<\/span><i class=\"fas fa-check-circle\" aria-hidden=\"true\"><\/i><\/li>\n<li class=\"elementor-icon-list-item\"><span class=\"elementor-icon-list-text\">M\u00f3dulo presencial<\/span><\/li>\n<\/ul>\n<h4>A qui\u00e9n va dirigido:<\/h4>\n<ul class=\"review-list\">\n<li class=\"elementor-icon-list-item\">El programa est\u00e1 dirigido a profesionales que se desempe\u00f1an en el \u00e1rea de salud, tanto p\u00fablico o privado. Intra y extra hospitalaria.<\/li>\n<\/ul>\n<h4>Perfil de Egreso:<\/h4>\n<ul class=\"requirement-list\">\n<li>Te entrega las herramientas necesarias para proveer y habilitar las v\u00edas \u00e1reas en caso de urgencia.<\/li>\n<\/ul>\n<h4>Objetivos:<\/h4>\n<ul class=\"requirement-list\">\n<li>Adecuar e incrementar los conocimientos te\u00f3ricos b\u00e1sicos y avanzados para el manejo de la v\u00eda a\u00e9rea.<\/li>\n<li>Adquirir y mejor las habilidades y t\u00e9cnicas necesarias para una adecuada asistencia en el control de la v\u00eda a\u00e9rea.<\/li>\n<li>Conocer y practicar en nuevos dispositivos para el manejo de la v\u00eda a\u00e9rea.<\/li>\n<li>Manejar los diferentes dispositivos en forma especifica, de acuerdo a la situaci\u00f3n cl\u00ednica particular<\/li>\n<\/ul>\n<h4>Campo Ocupacional:<\/h4>\n<ul class=\"requirement-list\">\n<li>\u00c1mbito p\u00fablico y privado. Urgencias \u00b7 Uti \u00b7 Uci \u00b7 Pabell\u00f3n \u00b7 Intermedio \u00b7 Unidades Coronarias \/ Nacional e internacional<\/li>\n<\/ul>\n<h4>Acreditaci\u00f3n:<\/h4>\n<ul class=\"requirement-list\">\n<li>Tras aprobar las evaluaciones te\u00f3rica y pr\u00e1ctica.<\/li>\n<li>Curso certificado SAM<\/li>\n<li>Curso certificado por CEFAV<\/li>\n<\/ul>\n<h4>Carga Horaria:<\/h4>\n<ul class=\"requirement-list\">\n<li>El Curso MARVA tiene una carga acad\u00e9mica total de 48 horas cronol\u00f3gicas:<br \/>\n\u2013 43 horas de estudio individual<br \/>\n\u2013\u00a05 horas presenciales en una jornada<\/li>\n<li><b>A. M\u00d3DULO DE AUTOAPRENDIZAJE:<br \/>\n<\/b><b>\u2013\u00a0<\/b>Manual MARVA en formato digital<br \/>\n\u2013 Acceso a Plataforma CEFAV<\/li>\n<li><strong>B. M\u00d3DULO PRESENCIAL:<br \/>\n<\/strong>\u2013 Horario: 08:45 \u2013 14:30h<\/li>\n<\/ul>\n","protected":false},"excerpt":{"rendered":"<p>Curso MARVA Descripci\u00f3n del Programa El manejo de la v\u00eda a\u00e9rea (VA) es una de las habilidades que todo m\u00e9dico&#8230;<\/p>\n","protected":false},"featured_media":12706,"template":"","meta":{"_acf_changed":false},"product_brand":[],"product_cat":[15],"product_tag":[],"class_list":{"0":"post-13726","1":"product","2":"type-product","3":"status-publish","4":"has-post-thumbnail","6":"product_cat-sin-categoria","8":"first","9":"instock","10":"sold-individually","11":"shipping-taxable","12":"purchasable","13":"product-type-variable"},"acf":[],"_links":{"self":[{"href":"https:\/\/cefav.cl\/index.php\/wp-json\/wp\/v2\/product\/13726","targetHints":{"allow":["GET"]}}],"collection":[{"href":"https:\/\/cefav.cl\/index.php\/wp-json\/wp\/v2\/product"}],"about":[{"href":"https:\/\/cefav.cl\/index.php\/wp-json\/wp\/v2\/types\/product"}],"wp:featuredmedia":[{"embeddable":true,"href":"https:\/\/cefav.cl\/index.php\/wp-json\/wp\/v2\/media\/12706"}],"wp:attachment":[{"href":"https:\/\/cefav.cl\/index.php\/wp-json\/wp\/v2\/media?parent=13726"}],"wp:term":[{"taxonomy":"product_brand","embeddable":true,"href":"https:\/\/cefav.cl\/index.php\/wp-json\/wp\/v2\/product_brand?post=13726"},{"taxonomy":"product_cat","embeddable":true,"href":"https:\/\/cefav.cl\/index.php\/wp-json\/wp\/v2\/product_cat?post=13726"},{"taxonomy":"product_tag","embeddable":true,"href":"https:\/\/cefav.cl\/index.php\/wp-json\/wp\/v2\/product_tag?post=13726"}],"curies":[{"name":"wp","href":"https:\/\/api.w.org\/{rel}","templated":true}]}}