{"id":13733,"date":"2020-09-16T07:19:32","date_gmt":"2020-09-16T10:19:32","guid":{"rendered":"https:\/\/cefav.cl\/index.php\/producto\/soporte-vital-de-trauma-prehospitalario\/"},"modified":"2026-04-23T11:29:35","modified_gmt":"2026-04-23T14:29:35","slug":"soporte-vital-de-trauma-prehospitalario","status":"publish","type":"product","link":"https:\/\/cefav.cl\/index.php\/producto\/soporte-vital-de-trauma-prehospitalario\/","title":{"rendered":"PHTLS \u00b7 Soporte Vital de Trauma Prehospitalario"},"content":{"rendered":"<h3>Curso PHTLS<\/h3>\n<h4>Descripci\u00f3n del Programa<\/h4>\n<p>El <strong>Curso Soporte Vital de Trauma Prehospitalario (PHTLS)<\/strong> es reconocido en todo el mundo como el principal programa de educaci\u00f3n continua para la atenci\u00f3n traumatol\u00f3gica prehospitalaria de emergencia.<\/p>\n<p>La misi\u00f3n del PHTLS es promover la excelencia en la gesti\u00f3n de pacientes con traumatismo por parte de todos los proveedores involucrados en la prestaci\u00f3n de atenci\u00f3n prehospitalaria.<\/p>\n<p>El PHTLS es desarrollado por la NAEMT en cooperaci\u00f3n con el Comit\u00e9 de Trauma del Colegio Americano de Cirujanos, que proporciona la direcci\u00f3n m\u00e9dica y supervisi\u00f3n de contenidos.<\/p>\n<p>Los cursos de PHTLS mejoran la calidad de la atenci\u00f3n del trauma y disminuyen la mortalidad. El programa se basa en una filosof\u00eda que hace hincapi\u00e9 en el tratamiento del paciente con trauma multisist\u00e9mico como una entidad \u00fanica con necesidades espec\u00edficas. El PHTLS promueve el pensamiento cr\u00edtico como la base para proporcionar una atenci\u00f3n de calidad.<\/p>\n<p>Dictado en m\u00e1s de 60 pa\u00edses, el PHTLS es el m\u00e1ximo est\u00e1ndar global en educaci\u00f3n de trauma prehospitalario.<\/p>\n<p>Todos los intructores de este Curso son acreditados por la Asociaci\u00f3n Nacional de T\u00e9cnicos en Emergencias M\u00e9dicas (National Association of Emergency Medical Technicians \u2013 NAEMT).<\/p>\n<h4>Curso Presencial en dos jornadas:<\/h4>\n<ul class=\"review-list\">\n<li class=\"elementor-icon-list-item\"><span class=\"elementor-icon-list-text\">Portal de Aprendizaje\u00a0<\/span><\/li>\n<li class=\"elementor-icon-list-item\"><span class=\"elementor-icon-list-text\">M\u00f3dulos online sincr\u00f3nicos\u00a0<\/span><\/li>\n<li class=\"elementor-icon-list-item\"><span class=\"elementor-icon-list-text\">M\u00f3dulo Presencial\u00a0<\/span><\/li>\n<\/ul>\n<h4>A qui\u00e9n va dirigido:<\/h4>\n<ul class=\"review-list\">\n<li class=\"elementor-icon-list-item\">El programa est\u00e1 dirigido a profesionales de la salud, de auxilio y brigadas de rescate.<\/li>\n<\/ul>\n<h4>Perfil de Egreso:<\/h4>\n<ul class=\"requirement-list\">\n<li>Aprender\u00e1s a liderar y manejar un trauma inicial con lo cu\u00e1l disminuyes la posibilidad de muerte y reducir secuelas posteriores ..<\/li>\n<\/ul>\n<h4>Objetivos:<\/h4>\n<ul class=\"requirement-list\">\n<li>Mejorar la atenci\u00f3n del paciente con trauma y disminuir la mortalidad.<\/li>\n<li>Promover el pensamiento cr\u00edtico<\/li>\n<\/ul>\n<h4>Campo Ocupacional:<\/h4>\n<ul class=\"requirement-list\">\n<li>\u00c1mbito p\u00fablico y privado. Urgencias \u00b7 Prehospitalario<\/li>\n<\/ul>\n<h4>Acreditaci\u00f3n:<\/h4>\n<ul class=\"requirement-list\">\n<li>Tras aprobar las evaluaciones te\u00f3rica y pr\u00e1ctica.<\/li>\n<li>Curso certificado por la NAEMT<\/li>\n<li>Curso certificado por CEFAV<\/li>\n<\/ul>\n<h4>Carga Horaria:<\/h4>\n<ul class=\"requirement-list\">\n<li>El Curso de PHTLS tiene una carga acad\u00e9mica total de 70 horas cronol\u00f3gicas:<\/li>\n<li>55 horas de estudio individual.<\/li>\n<li>M\u00f3dulo presencial, 2 d\u00edas desde las 08:45 hasta las 18:00 h aproximadamente.<\/li>\n<\/ul>\n","protected":false},"excerpt":{"rendered":"<p>Curso PHTLS Descripci\u00f3n del Programa El Curso Soporte Vital de Trauma Prehospitalario (PHTLS) es reconocido en todo el mundo como&#8230;<\/p>\n","protected":false},"featured_media":12378,"template":"","meta":{"_acf_changed":false},"product_brand":[],"product_cat":[15],"product_tag":[],"class_list":{"0":"post-13733","1":"product","2":"type-product","3":"status-publish","4":"has-post-thumbnail","6":"product_cat-sin-categoria","8":"first","9":"instock","10":"sold-individually","11":"shipping-taxable","12":"purchasable","13":"product-type-variable"},"acf":[],"_links":{"self":[{"href":"https:\/\/cefav.cl\/index.php\/wp-json\/wp\/v2\/product\/13733","targetHints":{"allow":["GET"]}}],"collection":[{"href":"https:\/\/cefav.cl\/index.php\/wp-json\/wp\/v2\/product"}],"about":[{"href":"https:\/\/cefav.cl\/index.php\/wp-json\/wp\/v2\/types\/product"}],"wp:featuredmedia":[{"embeddable":true,"href":"https:\/\/cefav.cl\/index.php\/wp-json\/wp\/v2\/media\/12378"}],"wp:attachment":[{"href":"https:\/\/cefav.cl\/index.php\/wp-json\/wp\/v2\/media?parent=13733"}],"wp:term":[{"taxonomy":"product_brand","embeddable":true,"href":"https:\/\/cefav.cl\/index.php\/wp-json\/wp\/v2\/product_brand?post=13733"},{"taxonomy":"product_cat","embeddable":true,"href":"https:\/\/cefav.cl\/index.php\/wp-json\/wp\/v2\/product_cat?post=13733"},{"taxonomy":"product_tag","embeddable":true,"href":"https:\/\/cefav.cl\/index.php\/wp-json\/wp\/v2\/product_tag?post=13733"}],"curies":[{"name":"wp","href":"https:\/\/api.w.org\/{rel}","templated":true}]}}