{"id":14650,"date":"2023-09-21T10:19:49","date_gmt":"2023-09-21T13:19:49","guid":{"rendered":"https:\/\/cefav.cl\/index.php\/producto\/emergencias-en-el-adulto-para-equipo-de-atencion-primaria-y-de-ambulancia\/"},"modified":"2025-10-16T12:03:17","modified_gmt":"2025-10-16T15:03:17","slug":"emergencias-en-el-adulto-para-equipo-de-atencion-primaria-y-de-ambulancia","status":"publish","type":"product","link":"https:\/\/cefav.cl\/index.php\/producto\/emergencias-en-el-adulto-para-equipo-de-atencion-primaria-y-de-ambulancia\/","title":{"rendered":"Emergencias en el adulto para equipo de atenci\u00f3n primaria y de ambulancia"},"content":{"rendered":"<h4>Curso Emergencias en el adulto para equipo de atenci\u00f3n primaria y de ambulancia.<\/h4>\n<h4>Descripci\u00f3n del Programa<\/h4>\n<p>Ense\u00f1a los conocimientos para enfrentar las patolog\u00edas m\u00e9dicas y traum\u00e1ticas en el pre<br \/>\nhospitalario y atenci\u00f3n primaria, evaluando, estabilizando y derivando oportunamente al centro<br \/>\nde mayor resolutivita.<\/p>\n<h4>Curso Semi-Presencial:<\/h4>\n<ul class=\"review-list\">\n<li class=\"elementor-icon-list-item\"><span class=\"elementor-icon-list-text\">Portal de Aprendizaje<\/span><\/li>\n<li class=\"elementor-icon-list-item\"><span class=\"elementor-icon-list-text\">M\u00f3dulo online sincr\u00f3nico<\/span><\/li>\n<li class=\"elementor-icon-list-item\"><span class=\"elementor-icon-list-text\">M\u00f3dulo presencial<\/span><\/li>\n<\/ul>\n<h4>A qui\u00e9n va dirigido:<\/h4>\n<ul class=\"review-list\">\n<li class=\"elementor-icon-list-item\">El programa va dirigido a profesionales del area de la salud que se desempe\u00f1en en el prehospitalario y la atenci\u00f3n primaria<\/li>\n<\/ul>\n<h4>Perfil de Egreso:<\/h4>\n<ul class=\"requirement-list\">\n<li>Al t\u00e9rmino del curso los participantes ser\u00e1n capaz de enfrentar las patolog\u00edas m\u00e9dicas y traum\u00e1ticas m\u00e1s frecuentes.<\/li>\n<\/ul>\n<h4>Campo Ocupacional:<\/h4>\n<ul class=\"requirement-list\">\n<li>Ambito p\u00fablico y privado prehospitalario y atenci\u00f3n primaria<\/li>\n<\/ul>\n<h4>Acreditaci\u00f3n:<\/h4>\n<ul class=\"requirement-list\">\n<li>Tras aprobar las evaluaciones te\u00f3rica y pr\u00e1ctica.<\/li>\n<li>Certificado CEFAV<\/li>\n<\/ul>\n<h4>Carga Horaria:<\/h4>\n<ul class=\"requirement-list\">\n<li>El Curso de ACLS tiene una carga acad\u00e9mica total de 130 horas cronol\u00f3gicas:<\/li>\n<\/ul>\n","protected":false},"excerpt":{"rendered":"<p>Curso Emergencias en el adulto para equipo de atenci\u00f3n primaria y de ambulancia. Descripci\u00f3n del Programa Ense\u00f1a los conocimientos para&#8230;<\/p>\n","protected":false},"featured_media":14653,"template":"","meta":{"_acf_changed":false},"product_brand":[],"product_cat":[15],"product_tag":[],"class_list":{"0":"post-14650","1":"product","2":"type-product","3":"status-publish","4":"has-post-thumbnail","6":"product_cat-sin-categoria","8":"first","9":"outofstock","10":"sold-individually","11":"shipping-taxable","12":"purchasable","13":"product-type-variable"},"acf":[],"_links":{"self":[{"href":"https:\/\/cefav.cl\/index.php\/wp-json\/wp\/v2\/product\/14650","targetHints":{"allow":["GET"]}}],"collection":[{"href":"https:\/\/cefav.cl\/index.php\/wp-json\/wp\/v2\/product"}],"about":[{"href":"https:\/\/cefav.cl\/index.php\/wp-json\/wp\/v2\/types\/product"}],"wp:featuredmedia":[{"embeddable":true,"href":"https:\/\/cefav.cl\/index.php\/wp-json\/wp\/v2\/media\/14653"}],"wp:attachment":[{"href":"https:\/\/cefav.cl\/index.php\/wp-json\/wp\/v2\/media?parent=14650"}],"wp:term":[{"taxonomy":"product_brand","embeddable":true,"href":"https:\/\/cefav.cl\/index.php\/wp-json\/wp\/v2\/product_brand?post=14650"},{"taxonomy":"product_cat","embeddable":true,"href":"https:\/\/cefav.cl\/index.php\/wp-json\/wp\/v2\/product_cat?post=14650"},{"taxonomy":"product_tag","embeddable":true,"href":"https:\/\/cefav.cl\/index.php\/wp-json\/wp\/v2\/product_tag?post=14650"}],"curies":[{"name":"wp","href":"https:\/\/api.w.org\/{rel}","templated":true}]}}