{"id":19554,"date":"2026-04-14T11:54:17","date_gmt":"2026-04-14T14:54:18","guid":{"rendered":"https:\/\/cefav.cl\/?post_type=product&#038;p=19554"},"modified":"2026-04-30T17:44:22","modified_gmt":"2026-04-30T20:44:22","slug":"pepl-principios-de-etica-y-liderazgo-personal","status":"publish","type":"product","link":"https:\/\/cefav.cl\/index.php\/producto\/pepl-principios-de-etica-y-liderazgo-personal\/","title":{"rendered":"PEPL \u2013 Principios de \u00c9tica y Liderazgo personal"},"content":{"rendered":"<h4>Curso PEPL \u2013 Principios de \u00c9tica y Liderazgo personal<\/h4>\n<h4>Descripci\u00f3n del Programa<\/h4>\n<p>En un entorno sanitario cada vez m\u00e1s exigente, los equipos requieren m\u00e1s que habilidades t\u00e9cnicas: necesitan <strong>liderazgo personal, claridad \u00e9tica y capacidad para tomar decisiones responsables<\/strong> en contextos complejos.<\/p>\n<h4>Este curso est\u00e1 orientado a:<\/h4>\n<ul>\n<li>T\u00e9cnicos y profesionales del \u00e1rea prehospitalaria.<\/li>\n<li>Equipos de salud que trabajan en atenci\u00f3n directa.<\/li>\n<li>Personal de emergencias, rescate y operaciones.<\/li>\n<li>Funcionarios que requieren fortalecer habilidades \u00e9ticas y de liderazgo.<\/li>\n<\/ul>\n<h4>Perfil de Egreso:<\/h4>\n<p>Los participantes aprender\u00e1n a:<\/p>\n<ul>\n<li>Reconocer fundamentos \u00e9ticos aplicados al \u00e1mbito sanitario.<\/li>\n<li>Analizar dilemas \u00e9ticos reales y tomar decisiones responsables.<\/li>\n<li>Identificar valores personales y profesionales que influyen en su conducta.<\/li>\n<li>Desarrollar liderazgo personal y autocontrol emocional.<\/li>\n<li>Aplicar estrategias de resoluci\u00f3n de conflictos.<\/li>\n<li>Integrar principios \u00e9ticos en escenarios pr\u00e1cticos guiados.<\/li>\n<\/ul>\n<h4>Acreditaci\u00f3n:<\/h4>\n<p>Tras aprobar las evaluaciones te\u00f3rica y pr\u00e1ctica, el participante recibe:<\/p>\n<ul>\n<li>Certificado y Acreditaci\u00f3n PEPL \u2013 NAEMT<\/li>\n<li>Certificado CEFAV<\/li>\n<\/ul>\n<h4>Carga horaria:<\/h4>\n<ul class=\"requirement-list\">\n<li>El Curso de PEPL tiene una carga acad\u00e9mica total de 56 horas cronol\u00f3gicas:<\/li>\n<li>40 horas de estudio individual (aprox.)<\/li>\n<\/ul>\n","protected":false},"excerpt":{"rendered":"<p>Curso PEPL \u2013 Principios de \u00c9tica y Liderazgo personal Descripci\u00f3n del Programa En un entorno sanitario cada vez m\u00e1s exigente,&#8230;<\/p>\n","protected":false},"featured_media":19651,"template":"","meta":{"_acf_changed":false},"product_brand":[],"product_cat":[15],"product_tag":[],"class_list":{"0":"post-19554","1":"product","2":"type-product","3":"status-publish","4":"has-post-thumbnail","6":"product_cat-sin-categoria","8":"first","9":"instock","10":"sold-individually","11":"shipping-taxable","12":"purchasable","13":"product-type-variable"},"acf":[],"_links":{"self":[{"href":"https:\/\/cefav.cl\/index.php\/wp-json\/wp\/v2\/product\/19554","targetHints":{"allow":["GET"]}}],"collection":[{"href":"https:\/\/cefav.cl\/index.php\/wp-json\/wp\/v2\/product"}],"about":[{"href":"https:\/\/cefav.cl\/index.php\/wp-json\/wp\/v2\/types\/product"}],"wp:featuredmedia":[{"embeddable":true,"href":"https:\/\/cefav.cl\/index.php\/wp-json\/wp\/v2\/media\/19651"}],"wp:attachment":[{"href":"https:\/\/cefav.cl\/index.php\/wp-json\/wp\/v2\/media?parent=19554"}],"wp:term":[{"taxonomy":"product_brand","embeddable":true,"href":"https:\/\/cefav.cl\/index.php\/wp-json\/wp\/v2\/product_brand?post=19554"},{"taxonomy":"product_cat","embeddable":true,"href":"https:\/\/cefav.cl\/index.php\/wp-json\/wp\/v2\/product_cat?post=19554"},{"taxonomy":"product_tag","embeddable":true,"href":"https:\/\/cefav.cl\/index.php\/wp-json\/wp\/v2\/product_tag?post=19554"}],"curies":[{"name":"wp","href":"https:\/\/api.w.org\/{rel}","templated":true}]}}